{"id":1015,"date":"2023-08-16T14:27:22","date_gmt":"2023-08-16T14:27:22","guid":{"rendered":"https:\/\/www.iwaingenieria.com\/?page_id=1015"},"modified":"2024-09-11T13:24:43","modified_gmt":"2024-09-11T13:24:43","slug":"talleres","status":"publish","type":"page","link":"https:\/\/www.iwaingenieria.com\/index.php\/store\/talleres\/","title":{"rendered":"Luz en la tierra"},"content":{"rendered":"\n<div class=\"wp-block-uagb-container uagb-block-c6fed30c alignfull uagb-is-root-container\"><div class=\"uagb-container-inner-blocks-wrap\"><\/div><\/div>\n\n\n\n<div class=\"wp-block-uagb-container uagb-block-47f895a5 alignfull uagb-is-root-container\"><div class=\"uagb-container-inner-blocks-wrap\">\n<div class=\"wp-block-uagb-container uagb-block-4d907362\">\n<div class=\"wp-block-uagb-advanced-heading uagb-block-7ac8a50b\"><h3 class=\"uagb-heading-text\">\u00bfQu\u00e9 es Bioenerg\u00eda: energ\u00eda a trav\u00e9s de la fotos\u00edntesis de las plantas?<\/h3><\/div>\n\n\n\n<div class=\"wp-block-uagb-image uagb-block-0a1e3f4b wp-block-uagb-image--layout-default wp-block-uagb-image--effect-static wp-block-uagb-image--align-none\"><figure class=\"wp-block-uagb-image__figure\"><img decoding=\"async\" srcset=\"https:\/\/www.iwaingenieria.com\/wp-content\/uploads\/2023\/08\/1-1024x770.jpg \" sizes=\"auto, (max-width: 480px) 150px\" src=\"https:\/\/www.iwaingenieria.com\/wp-content\/uploads\/2023\/08\/1-1024x770.jpg\" alt=\"\" class=\"uag-image-1072\" width=\"4640\" height=\"3488\" title=\"\" loading=\"lazy\" role=\"img\"\/><\/figure><\/div>\n<\/div>\n\n\n\n<div class=\"wp-block-uagb-container uagb-block-da397993\">\n<p>La bioenerg\u00eda se refiere a la energ\u00eda que se obtiene a trav\u00e9s de la conversi\u00f3n de materia org\u00e1nica, como plantas, residuos agr\u00edcolas y forestales, y otros materiales biodegradables, en formas utilizable como combustible o electricidad. La fotos\u00edntesis de las plantas juega un papel clave en la generaci\u00f3n de bioenerg\u00eda, pero el concepto es un poco m\u00e1s amplio que eso.<\/p>\n\n\n\n<p>La fotos\u00edntesis es el proceso mediante el cual las plantas, algas y algunas bacterias utilizan la energ\u00eda de la luz solar para convertir di\u00f3xido de carbono y agua en glucosa y ox\u00edgeno. Esta glucosa es un tipo de biomasa, que es un material org\u00e1nico que puede ser usado como fuente de energ\u00eda.<\/p>\n\n\n\n<p>En este caso, la energ\u00eda generada es energ\u00eda el\u00e9ctrica, usada para alimentar la iluminaci\u00f3n a peque\u00f1a escala de los hogares .En resumen, la bioenerg\u00eda es un t\u00e9rmino amplio que abarca diversas formas de energ\u00eda obtenidas a partir de la biomasa, que incluye la energ\u00eda generada gracias a la fotos\u00edntesis de las plantas y su conversi\u00f3n en biocombustibles y otros recursos energ\u00e9ticos.<\/p>\n<\/div>\n<\/div><\/div>\n\n\n\n<div class=\"wp-block-uagb-container uagb-block-cf6bf803 alignfull uagb-is-root-container\"><div class=\"uagb-container-inner-blocks-wrap\">\n<div class=\"wp-block-uagb-container uagb-block-b5858866\">\n<figure class=\"wp-block-embed is-type-video is-provider-youtube wp-block-embed-youtube wp-embed-aspect-16-9 wp-has-aspect-ratio\"><div class=\"wp-block-embed__wrapper\">\n<div class=\"ast-oembed-container \" style=\"height: 100%;\"><iframe loading=\"lazy\" title=\"Iwa ingenier\u00eda, transformando territorios a trav\u00e9s de la educaci\u00f3n\" width=\"500\" height=\"281\" src=\"https:\/\/www.youtube.com\/embed\/nCwDdlD3bxc?feature=oembed\" frameborder=\"0\" allow=\"accelerometer; autoplay; clipboard-write; encrypted-media; gyroscope; picture-in-picture; web-share\" referrerpolicy=\"strict-origin-when-cross-origin\" allowfullscreen><\/iframe><\/div>\n<\/div><figcaption class=\"wp-element-caption\">Iwa ingenieria, transformando los territorios a trav\u00e9s de la educaci\u00f3n<\/figcaption><\/figure>\n<\/div>\n\n\n\n<div class=\"wp-block-uagb-container uagb-block-1540b9ce\">\n<figure class=\"wp-block-embed is-type-video is-provider-youtube wp-block-embed-youtube wp-embed-aspect-16-9 wp-has-aspect-ratio\"><div class=\"wp-block-embed__wrapper\">\n<div class=\"ast-oembed-container \" style=\"height: 100%;\"><iframe loading=\"lazy\" title=\"iwa  ingenier\u00eda, energ\u00eda a partir de las plantas\" width=\"500\" height=\"281\" src=\"https:\/\/www.youtube.com\/embed\/k3bKjiUw1Rk?feature=oembed\" frameborder=\"0\" allow=\"accelerometer; autoplay; clipboard-write; encrypted-media; gyroscope; picture-in-picture; web-share\" referrerpolicy=\"strict-origin-when-cross-origin\" allowfullscreen><\/iframe><\/div>\n<\/div><figcaption class=\"wp-element-caption\"><strong>Bioenerg\u00eda: Energ\u00eda a trav\u00e9s de la fotos\u00edntesis de las plantas<\/strong><\/figcaption><\/figure>\n<\/div>\n<\/div><\/div>\n\n\n\n<div class=\"wp-block-uagb-container uagb-block-f9179f93 alignfull uagb-is-root-container\"><div class=\"uagb-container-inner-blocks-wrap\">\n<div class=\"wp-block-uagb-container uagb-block-75084bd8\">\n<p>En iwa creemos que todos merecen tener acceso a la electricidad y a la educaci\u00f3n, sin importar lo remota que sea su ubicaci\u00f3n. Nos hemos propuesto romper las barreras de la oscuridad y la falta de oportunidades, llevando luz y conocimiento a las comunidades m\u00e1s necesitadas, por ello desarrollemos el proyecto de bioenergia, energ\u00eda a trav\u00e9s de energ\u00eda a partir de la fotos\u00edntesis de las plantas.<\/p>\n\n\n\n<p>Nuestro objetivo es transformar vidas y comunidades a trav\u00e9s de soluciones innovadoras. Nos dedicamos a proporcionar energ\u00eda sostenible y educaci\u00f3n de calidad a aquellos que han sido dejados atr\u00e1s. Estamos decididos a romper el ciclo de la pobreza y abrir puertas hacia un futuro m\u00e1s brillante y equitativo.<\/p>\n<\/div>\n\n\n\n<div class=\"wp-block-uagb-container uagb-block-1ca2ca93\">\n<div class=\"wp-block-uagb-advanced-heading uagb-block-0617972d\"><h3 class=\"uagb-heading-text\">Sobre iwa y Bioenerg\u00eda<\/h3><\/div>\n\n\n\n<div class=\"wp-block-uagb-image uagb-block-e8571591 wp-block-uagb-image--layout-default wp-block-uagb-image--effect-static wp-block-uagb-image--align-none\"><figure class=\"wp-block-uagb-image__figure\"><img decoding=\"async\" srcset=\"https:\/\/www.iwaingenieria.com\/wp-content\/uploads\/2023\/08\/pagina-iwa-2-1024x576.png \" sizes=\"auto, (max-width: 480px) 150px\" src=\"https:\/\/www.iwaingenieria.com\/wp-content\/uploads\/2023\/08\/pagina-iwa-2-1024x576.png\" alt=\"\" class=\"uag-image-1077\" width=\"1366\" height=\"768\" title=\"\" loading=\"lazy\" role=\"img\"\/><\/figure><\/div>\n<\/div>\n<\/div><\/div>\n\n\n\n<div class=\"wp-block-uagb-container uagb-block-85e9d000 alignfull uagb-is-root-container\"><div class=\"uagb-container-inner-blocks-wrap\">\n<div class=\"wp-block-uagb-image aligncenter uagb-block-0991088a wp-block-uagb-image--layout-default wp-block-uagb-image--effect-static wp-block-uagb-image--align-center\"><figure class=\"wp-block-uagb-image__figure\"><img decoding=\"async\" srcset=\"https:\/\/www.iwaingenieria.com\/wp-content\/uploads\/2023\/08\/DHG-1024x576.png \" sizes=\"auto, (max-width: 480px) 150px\" src=\"https:\/\/www.iwaingenieria.com\/wp-content\/uploads\/2023\/08\/DHG-1024x576.png\" alt=\"\" class=\"uag-image-946\" width=\"1024\" height=\"576\" title=\"\" loading=\"lazy\" role=\"img\"\/><\/figure><\/div>\n<\/div><\/div>\n\n\n\n<p><\/p>\n","protected":false},"excerpt":{"rendered":"<p>\u00bfQu\u00e9 es Bioenerg\u00eda: energ\u00eda a trav\u00e9s de la fotos\u00edntesis de las plantas? La bioenerg\u00eda se refiere a la energ\u00eda que se obtiene a trav\u00e9s de la conversi\u00f3n de materia org\u00e1nica, como plantas, residuos agr\u00edcolas y forestales, y otros materiales biodegradables, en formas utilizable como combustible o electricidad. La fotos\u00edntesis de las plantas juega un papel [&hellip;]<\/p>\n","protected":false},"author":1,"featured_media":0,"parent":118,"menu_order":0,"comment_status":"closed","ping_status":"closed","template":"","meta":{"_uag_custom_page_level_css":"","site-sidebar-layout":"default","site-content-layout":"plain-container","ast-site-content-layout":"normal-width-container","site-content-style":"unboxed","site-sidebar-style":"unboxed","ast-global-header-display":"","ast-banner-title-visibility":"","ast-main-header-display":"","ast-hfb-above-header-display":"","ast-hfb-below-header-display":"","ast-hfb-mobile-header-display":"","site-post-title":"disabled","ast-breadcrumbs-content":"","ast-featured-img":"disabled","footer-sml-layout":"","theme-transparent-header-meta":"enabled","adv-header-id-meta":"","stick-header-meta":"","header-above-stick-meta":"","header-main-stick-meta":"","header-below-stick-meta":"","astra-migrate-meta-layouts":"set","ast-page-background-enabled":"default","ast-page-background-meta":{"desktop":{"background-color":"","background-image":"","background-repeat":"repeat","background-position":"center center","background-size":"auto","background-attachment":"scroll","background-type":"","background-media":"","overlay-type":"","overlay-color":"","overlay-opacity":"","overlay-gradient":""},"tablet":{"background-color":"","background-image":"","background-repeat":"repeat","background-position":"center center","background-size":"auto","background-attachment":"scroll","background-type":"","background-media":"","overlay-type":"","overlay-color":"","overlay-opacity":"","overlay-gradient":""},"mobile":{"background-color":"","background-image":"","background-repeat":"repeat","background-position":"center center","background-size":"auto","background-attachment":"scroll","background-type":"","background-media":"","overlay-type":"","overlay-color":"","overlay-opacity":"","overlay-gradient":""}},"ast-content-background-meta":{"desktop":{"background-color":"var(--ast-global-color-5)","background-image":"","background-repeat":"repeat","background-position":"center center","background-size":"auto","background-attachment":"scroll","background-type":"","background-media":"","overlay-type":"","overlay-color":"","overlay-opacity":"","overlay-gradient":""},"tablet":{"background-color":"var(--ast-global-color-5)","background-image":"","background-repeat":"repeat","background-position":"center center","background-size":"auto","background-attachment":"scroll","background-type":"","background-media":"","overlay-type":"","overlay-color":"","overlay-opacity":"","overlay-gradient":""},"mobile":{"background-color":"var(--ast-global-color-5)","background-image":"","background-repeat":"repeat","background-position":"center center","background-size":"auto","background-attachment":"scroll","background-type":"","background-media":"","overlay-type":"","overlay-color":"","overlay-opacity":"","overlay-gradient":""}},"footnotes":""},"class_list":["post-1015","page","type-page","status-publish","hentry"],"uagb_featured_image_src":{"full":false,"thumbnail":false,"medium":false,"medium_large":false,"large":false,"1536x1536":false,"2048x2048":false},"uagb_author_info":{"display_name":"root","author_link":"https:\/\/www.iwaingenieria.com\/index.php\/author\/root\/"},"uagb_comment_info":0,"uagb_excerpt":"\u00bfQu\u00e9 es Bioenerg\u00eda: energ\u00eda a trav\u00e9s de la fotos\u00edntesis de las plantas? La bioenerg\u00eda se refiere a la energ\u00eda que se obtiene a trav\u00e9s de la conversi\u00f3n de materia org\u00e1nica, como plantas, residuos agr\u00edcolas y forestales, y otros materiales biodegradables, en formas utilizable como combustible o electricidad. La fotos\u00edntesis de las plantas juega un papel&hellip;","_links":{"self":[{"href":"https:\/\/www.iwaingenieria.com\/index.php\/wp-json\/wp\/v2\/pages\/1015","targetHints":{"allow":["GET"]}}],"collection":[{"href":"https:\/\/www.iwaingenieria.com\/index.php\/wp-json\/wp\/v2\/pages"}],"about":[{"href":"https:\/\/www.iwaingenieria.com\/index.php\/wp-json\/wp\/v2\/types\/page"}],"author":[{"embeddable":true,"href":"https:\/\/www.iwaingenieria.com\/index.php\/wp-json\/wp\/v2\/users\/1"}],"replies":[{"embeddable":true,"href":"https:\/\/www.iwaingenieria.com\/index.php\/wp-json\/wp\/v2\/comments?post=1015"}],"version-history":[{"count":11,"href":"https:\/\/www.iwaingenieria.com\/index.php\/wp-json\/wp\/v2\/pages\/1015\/revisions"}],"predecessor-version":[{"id":1569,"href":"https:\/\/www.iwaingenieria.com\/index.php\/wp-json\/wp\/v2\/pages\/1015\/revisions\/1569"}],"up":[{"embeddable":true,"href":"https:\/\/www.iwaingenieria.com\/index.php\/wp-json\/wp\/v2\/pages\/118"}],"wp:attachment":[{"href":"https:\/\/www.iwaingenieria.com\/index.php\/wp-json\/wp\/v2\/media?parent=1015"}],"curies":[{"name":"wp","href":"https:\/\/api.w.org\/{rel}","templated":true}]}}